{"id":23,"date":"2022-11-29T21:15:04","date_gmt":"2022-11-29T20:15:04","guid":{"rendered":"http:\/\/infodatacom.de\/?page_id=23"},"modified":"2025-09-18T12:41:56","modified_gmt":"2025-09-18T10:41:56","slug":"about-us","status":"publish","type":"page","link":"https:\/\/infodatacom.de\/?page_id=23","title":{"rendered":"About Us"},"content":{"rendered":"\t\t<div data-elementor-type=\"wp-page\" data-elementor-id=\"23\" class=\"elementor elementor-23\">\n\t\t\t\t\t\t<section class=\"elementor-section elementor-top-section elementor-element elementor-element-19b6446 elementor-section-boxed elementor-section-height-default elementor-section-height-default\" data-id=\"19b6446\" data-element_type=\"section\" data-e-type=\"section\">\n\t\t\t\t\t\t<div class=\"elementor-container elementor-column-gap-default\">\n\t\t\t\t\t<div class=\"elementor-column elementor-col-50 elementor-top-column elementor-element elementor-element-e339cb0\" data-id=\"e339cb0\" data-element_type=\"column\" data-e-type=\"column\">\n\t\t\t<div class=\"elementor-widget-wrap elementor-element-populated\">\n\t\t\t\t\t\t<div class=\"elementor-element elementor-element-b95eee2 elementor-widget elementor-widget-image\" data-id=\"b95eee2\" data-element_type=\"widget\" data-e-type=\"widget\" data-widget_type=\"image.default\">\n\t\t\t\t<div class=\"elementor-widget-container\">\n\t\t\t\t\t\t\t\t\t\t\t\t\t\t\t<img fetchpriority=\"high\" decoding=\"async\" width=\"1024\" height=\"768\" src=\"https:\/\/infodatacom.de\/wp-content\/uploads\/2022\/12\/2002_PC_made_from_parts_bought_in_Rue_Montgallet_running_Linux_debian-1024x768.jpg\" class=\"attachment-large size-large wp-image-109\" alt=\"\" srcset=\"https:\/\/infodatacom.de\/wp-content\/uploads\/2022\/12\/2002_PC_made_from_parts_bought_in_Rue_Montgallet_running_Linux_debian-1024x768.jpg 1024w, https:\/\/infodatacom.de\/wp-content\/uploads\/2022\/12\/2002_PC_made_from_parts_bought_in_Rue_Montgallet_running_Linux_debian-300x225.jpg 300w, https:\/\/infodatacom.de\/wp-content\/uploads\/2022\/12\/2002_PC_made_from_parts_bought_in_Rue_Montgallet_running_Linux_debian-768x576.jpg 768w, https:\/\/infodatacom.de\/wp-content\/uploads\/2022\/12\/2002_PC_made_from_parts_bought_in_Rue_Montgallet_running_Linux_debian-980x735.jpg 980w, https:\/\/infodatacom.de\/wp-content\/uploads\/2022\/12\/2002_PC_made_from_parts_bought_in_Rue_Montgallet_running_Linux_debian.jpg 1280w\" sizes=\"(max-width: 1024px) 100vw, 1024px\" \/>\t\t\t\t\t\t\t\t\t\t\t\t\t\t\t<\/div>\n\t\t\t\t<\/div>\n\t\t\t\t\t<\/div>\n\t\t<\/div>\n\t\t\t\t<div class=\"elementor-column elementor-col-50 elementor-top-column elementor-element elementor-element-d89a687\" data-id=\"d89a687\" data-element_type=\"column\" data-e-type=\"column\">\n\t\t\t<div class=\"elementor-widget-wrap elementor-element-populated\">\n\t\t\t\t\t\t<div class=\"elementor-element elementor-element-943166f elementor-widget elementor-widget-text-editor\" data-id=\"943166f\" data-element_type=\"widget\" data-e-type=\"widget\" data-widget_type=\"text-editor.default\">\n\t\t\t\t<div class=\"elementor-widget-container\">\n\t\t\t\t\t\t\t\t\t<p>Die infodatacom GbR wurde 2003 als IT-Unternehmen mit starkem Linux- und Open-Source Bezug gegr\u00fcndet.<\/p><p>Zunehmend wurde der Aufbau von Netzwerken und Server f\u00fcr Kunden zum Kernbereich des Unternehmens und das Unternehmen zu einem umfassenden IT-Dienstleister. Es wurden und werden individuelle IT-L\u00f6sungen f\u00fcr Firmenkunden und \u00f6ffentliche Auftraggeber realisiert. Immer mit einem Fokus auf nachhaltige unabh\u00e4ngige L\u00f6sungen.<\/p><p>Sp\u00e4testens mit der Einf\u00fchrung der europ\u00e4ischen Datenschutzgrundverordnung &#8211; DSGVO wurde klar, dass unsere Kundinnen und Kunden europ\u00e4isch souver\u00e4ne L\u00f6sungen verst\u00e4rkt nachfragen &#8211; nicht nur im Bereich kritische Netzwerkinfrastruktur.<\/p><p><span style=\"color: var( --e-global-color-text ); font-family: var( --e-global-typography-text-font-family ), Sans-serif; font-size: 18px;\">\u00a0<\/span><\/p>\t\t\t\t\t\t\t\t<\/div>\n\t\t\t\t<\/div>\n\t\t\t\t\t<\/div>\n\t\t<\/div>\n\t\t\t\t\t<\/div>\n\t\t<\/section>\n\t\t\t\t<section class=\"elementor-section elementor-top-section elementor-element elementor-element-757a3aa elementor-section-boxed elementor-section-height-default elementor-section-height-default\" data-id=\"757a3aa\" data-element_type=\"section\" data-e-type=\"section\">\n\t\t\t\t\t\t<div class=\"elementor-container elementor-column-gap-default\">\n\t\t\t\t\t<div class=\"elementor-column elementor-col-50 elementor-top-column elementor-element elementor-element-2f9806d\" data-id=\"2f9806d\" data-element_type=\"column\" data-e-type=\"column\">\n\t\t\t<div class=\"elementor-widget-wrap elementor-element-populated\">\n\t\t\t\t\t\t<div class=\"elementor-element elementor-element-04114dc elementor-widget elementor-widget-text-editor\" data-id=\"04114dc\" data-element_type=\"widget\" data-e-type=\"widget\" data-widget_type=\"text-editor.default\">\n\t\t\t\t<div class=\"elementor-widget-container\">\n\t\t\t\t\t\t\t\t\t<p>Neben diesem Bereich kam eine weitere Abteilung 2020 zum Portfolio dazu. Der Bereich Video-Livestreaming und Content-Delivery Netzwerke wurde mit der \u00dcbernahme eines Teams, dass das zuvor in einer eigenen Firma betrieben hat eingegliedert.<\/p><p>Daraus folgt unser heutiges Portfolio: Digitalisierungsberatung von IT-Sicherheit bis K\u00fcnstliche Intelligenz, Unterst\u00fctzung bei der Implementierung digital souver\u00e4ner L\u00f6sungen und Netzwerk und \u00dcbertragungsservice bei digitalen oder hybriden Events<\/p>\t\t\t\t\t\t\t\t<\/div>\n\t\t\t\t<\/div>\n\t\t\t\t\t<\/div>\n\t\t<\/div>\n\t\t\t\t<div class=\"elementor-column elementor-col-50 elementor-top-column elementor-element elementor-element-2e804a0\" data-id=\"2e804a0\" data-element_type=\"column\" data-e-type=\"column\">\n\t\t\t<div class=\"elementor-widget-wrap elementor-element-populated\">\n\t\t\t\t\t\t<div class=\"elementor-element elementor-element-8851eed elementor-widget elementor-widget-image\" data-id=\"8851eed\" data-element_type=\"widget\" data-e-type=\"widget\" data-widget_type=\"image.default\">\n\t\t\t\t<div class=\"elementor-widget-container\">\n\t\t\t\t\t\t\t\t\t\t\t\t\t\t\t<img decoding=\"async\" width=\"1024\" height=\"683\" src=\"https:\/\/infodatacom.de\/wp-content\/uploads\/2022\/12\/IMG_1259-2-1024x683.jpg\" class=\"attachment-large size-large wp-image-147\" alt=\"\" srcset=\"https:\/\/infodatacom.de\/wp-content\/uploads\/2022\/12\/IMG_1259-2-1024x683.jpg 1024w, https:\/\/infodatacom.de\/wp-content\/uploads\/2022\/12\/IMG_1259-2-300x200.jpg 300w, https:\/\/infodatacom.de\/wp-content\/uploads\/2022\/12\/IMG_1259-2-768x512.jpg 768w, https:\/\/infodatacom.de\/wp-content\/uploads\/2022\/12\/IMG_1259-2-1536x1024.jpg 1536w, https:\/\/infodatacom.de\/wp-content\/uploads\/2022\/12\/IMG_1259-2-980x653.jpg 980w, https:\/\/infodatacom.de\/wp-content\/uploads\/2022\/12\/IMG_1259-2.jpg 2048w\" sizes=\"(max-width: 1024px) 100vw, 1024px\" \/>\t\t\t\t\t\t\t\t\t\t\t\t\t\t\t<\/div>\n\t\t\t\t<\/div>\n\t\t\t\t\t<\/div>\n\t\t<\/div>\n\t\t\t\t\t<\/div>\n\t\t<\/section>\n\t\t\t\t<section class=\"elementor-section elementor-top-section elementor-element elementor-element-b262822 elementor-section-boxed elementor-section-height-default elementor-section-height-default\" data-id=\"b262822\" data-element_type=\"section\" data-e-type=\"section\">\n\t\t\t\t\t\t<div class=\"elementor-container elementor-column-gap-default\">\n\t\t\t\t\t<div class=\"elementor-column elementor-col-50 elementor-top-column elementor-element elementor-element-cbee083\" data-id=\"cbee083\" data-element_type=\"column\" data-e-type=\"column\">\n\t\t\t<div class=\"elementor-widget-wrap elementor-element-populated\">\n\t\t\t\t\t\t<div class=\"elementor-element elementor-element-eb26d0e elementor-widget elementor-widget-image\" data-id=\"eb26d0e\" data-element_type=\"widget\" data-e-type=\"widget\" data-widget_type=\"image.default\">\n\t\t\t\t<div class=\"elementor-widget-container\">\n\t\t\t\t\t\t\t\t\t\t\t\t\t\t\t<img decoding=\"async\" width=\"1024\" height=\"683\" src=\"https:\/\/infodatacom.de\/wp-content\/uploads\/2022\/12\/IMG_1244-2-1024x683.jpg\" class=\"attachment-large size-large wp-image-141\" alt=\"\" srcset=\"https:\/\/infodatacom.de\/wp-content\/uploads\/2022\/12\/IMG_1244-2-1024x683.jpg 1024w, https:\/\/infodatacom.de\/wp-content\/uploads\/2022\/12\/IMG_1244-2-300x200.jpg 300w, https:\/\/infodatacom.de\/wp-content\/uploads\/2022\/12\/IMG_1244-2-768x512.jpg 768w, https:\/\/infodatacom.de\/wp-content\/uploads\/2022\/12\/IMG_1244-2-1536x1024.jpg 1536w, https:\/\/infodatacom.de\/wp-content\/uploads\/2022\/12\/IMG_1244-2-980x653.jpg 980w, https:\/\/infodatacom.de\/wp-content\/uploads\/2022\/12\/IMG_1244-2.jpg 2048w\" sizes=\"(max-width: 1024px) 100vw, 1024px\" \/>\t\t\t\t\t\t\t\t\t\t\t\t\t\t\t<\/div>\n\t\t\t\t<\/div>\n\t\t\t\t\t<\/div>\n\t\t<\/div>\n\t\t\t\t<div class=\"elementor-column elementor-col-50 elementor-top-column elementor-element elementor-element-df4f6d8\" data-id=\"df4f6d8\" data-element_type=\"column\" data-e-type=\"column\">\n\t\t\t<div class=\"elementor-widget-wrap elementor-element-populated\">\n\t\t\t\t\t\t<div class=\"elementor-element elementor-element-23a651d elementor-widget elementor-widget-text-editor\" data-id=\"23a651d\" data-element_type=\"widget\" data-e-type=\"widget\" data-widget_type=\"text-editor.default\">\n\t\t\t\t<div class=\"elementor-widget-container\">\n\t\t\t\t\t\t\t\t\t<p>Terminvereinbarung<\/p>\n<p>E-Mail: kontakt@infodatacom.de<\/p>\n<p>Allgemeine B\u00fcrozeiten Montag bis Freitag<br>09:00 Uhr bis 13:00 Uhr<br><br>Als Kunde entnehmen Sie Verf\u00fcgbarkeit und Nummern bitte Ihren Rahmenvertr\u00e4gen.<\/p>\n<p>Telefon: 0906 299940-20<\/p>\t\t\t\t\t\t\t\t<\/div>\n\t\t\t\t<\/div>\n\t\t\t\t\t<\/div>\n\t\t<\/div>\n\t\t\t\t\t<\/div>\n\t\t<\/section>\n\t\t\t\t<section class=\"elementor-section elementor-top-section elementor-element elementor-element-b1bd55b elementor-section-boxed elementor-section-height-default elementor-section-height-default\" data-id=\"b1bd55b\" data-element_type=\"section\" data-e-type=\"section\">\n\t\t\t\t\t\t<div class=\"elementor-container elementor-column-gap-default\">\n\t\t\t\t\t<div class=\"elementor-column elementor-col-100 elementor-top-column elementor-element elementor-element-9bad241\" data-id=\"9bad241\" data-element_type=\"column\" data-e-type=\"column\">\n\t\t\t<div class=\"elementor-widget-wrap elementor-element-populated\">\n\t\t\t\t\t\t\t<\/div>\n\t\t<\/div>\n\t\t\t\t\t<\/div>\n\t\t<\/section>\n\t\t\t\t<section class=\"elementor-section elementor-top-section elementor-element elementor-element-12fc7e5a elementor-section-boxed elementor-section-height-default elementor-section-height-default\" data-id=\"12fc7e5a\" data-element_type=\"section\" data-e-type=\"section\">\n\t\t\t\t\t\t<div class=\"elementor-container elementor-column-gap-default\">\n\t\t\t\t\t<div class=\"elementor-column elementor-col-100 elementor-top-column elementor-element elementor-element-11d89303\" data-id=\"11d89303\" data-element_type=\"column\" data-e-type=\"column\">\n\t\t\t<div class=\"elementor-widget-wrap elementor-element-populated\">\n\t\t\t\t\t\t<div class=\"elementor-element elementor-element-4b785c94 elementor-widget__width-inherit elementor-widget-divider--view-line elementor-widget elementor-widget-divider\" data-id=\"4b785c94\" data-element_type=\"widget\" data-e-type=\"widget\" data-settings=\"{&quot;_animation&quot;:&quot;none&quot;}\" data-widget_type=\"divider.default\">\n\t\t\t\t<div class=\"elementor-widget-container\">\n\t\t\t\t\t\t\t<div class=\"elementor-divider\">\n\t\t\t<span class=\"elementor-divider-separator\">\n\t\t\t\t\t\t<\/span>\n\t\t<\/div>\n\t\t\t\t\t\t<\/div>\n\t\t\t\t<\/div>\n\t\t\t\t\t<\/div>\n\t\t<\/div>\n\t\t\t\t\t<\/div>\n\t\t<\/section>\n\t\t\t\t<section class=\"elementor-section elementor-top-section elementor-element elementor-element-77e02fde elementor-section-boxed elementor-section-height-default elementor-section-height-default\" data-id=\"77e02fde\" data-element_type=\"section\" data-e-type=\"section\">\n\t\t\t\t\t\t<div class=\"elementor-container elementor-column-gap-default\">\n\t\t\t\t\t<div class=\"elementor-column elementor-col-100 elementor-top-column elementor-element elementor-element-14798d1e\" data-id=\"14798d1e\" data-element_type=\"column\" data-e-type=\"column\">\n\t\t\t<div class=\"elementor-widget-wrap elementor-element-populated\">\n\t\t\t\t\t\t<div class=\"elementor-element elementor-element-77dc990d elementor-widget elementor-widget-text-editor\" data-id=\"77dc990d\" data-element_type=\"widget\" data-e-type=\"widget\" data-widget_type=\"text-editor.default\">\n\t\t\t\t<div class=\"elementor-widget-container\">\n\t\t\t\t\t\t\t\t\t<p><span style=\"color: #999999;\"><a style=\"color: #999999;\" href=\"https:\/\/infodatacom.de\/?page_id=3\"> Datenschutzerkl\u00e4rung <\/a><\/span><br \/><span style=\"color: #999999;\"><a style=\"color: #999999;\" href=\"https:\/\/infodatacom.de\/?page_id=256\">Impressum<\/a><\/span><\/p>\t\t\t\t\t\t\t\t<\/div>\n\t\t\t\t<\/div>\n\t\t\t\t\t<\/div>\n\t\t<\/div>\n\t\t\t\t\t<\/div>\n\t\t<\/section>\n\t\t\t\t<\/div>\n\t\t","protected":false},"excerpt":{"rendered":"<p>Die infodatacom GbR wurde 2003 als IT-Unternehmen mit starkem Linux- und Open-Source Bezug gegr\u00fcndet. Zunehmend wurde der Aufbau von Netzwerken und Server f\u00fcr Kunden zum Kernbereich des Unternehmens und das Unternehmen zu einem umfassenden IT-Dienstleister. Es wurden und werden individuelle&hellip;<\/p>\n","protected":false},"author":1,"featured_media":0,"parent":0,"menu_order":0,"comment_status":"closed","ping_status":"closed","template":"","meta":{"footnotes":""},"class_list":["post-23","page","type-page","status-publish","hentry"],"_links":{"self":[{"href":"https:\/\/infodatacom.de\/index.php?rest_route=\/wp\/v2\/pages\/23","targetHints":{"allow":["GET"]}}],"collection":[{"href":"https:\/\/infodatacom.de\/index.php?rest_route=\/wp\/v2\/pages"}],"about":[{"href":"https:\/\/infodatacom.de\/index.php?rest_route=\/wp\/v2\/types\/page"}],"author":[{"embeddable":true,"href":"https:\/\/infodatacom.de\/index.php?rest_route=\/wp\/v2\/users\/1"}],"replies":[{"embeddable":true,"href":"https:\/\/infodatacom.de\/index.php?rest_route=%2Fwp%2Fv2%2Fcomments&post=23"}],"version-history":[{"count":64,"href":"https:\/\/infodatacom.de\/index.php?rest_route=\/wp\/v2\/pages\/23\/revisions"}],"predecessor-version":[{"id":336,"href":"https:\/\/infodatacom.de\/index.php?rest_route=\/wp\/v2\/pages\/23\/revisions\/336"}],"wp:attachment":[{"href":"https:\/\/infodatacom.de\/index.php?rest_route=%2Fwp%2Fv2%2Fmedia&parent=23"}],"curies":[{"name":"wp","href":"https:\/\/api.w.org\/{rel}","templated":true}]}}