{"id":256,"date":"2023-02-07T15:30:40","date_gmt":"2023-02-07T14:30:40","guid":{"rendered":"https:\/\/infodatacom.de\/?page_id=256"},"modified":"2023-02-07T15:37:32","modified_gmt":"2023-02-07T14:37:32","slug":"impressum","status":"publish","type":"page","link":"https:\/\/infodatacom.de\/?page_id=256","title":{"rendered":"Impressum"},"content":{"rendered":"\n<p>Impressum:<\/p>\n\n\n\n<p>Infodatacom GmbH &amp; Co. KG<br>Heilig-Kreuz-Stra\u00dfe 16<br>86609 Donauw\u00f6rth<\/p>\n\n\n\n<p>kontakt@infodatacom.de<\/p>\n\n\n\n<p>Registergericht: Amtsgericht Augsburg<br>Registernummer: HRA 19105<\/p>\n\n\n\n<p>Pers\u00f6nlich haftende Gesellschafterin der infodatacom GmbH &amp; Co. KG:<br>MRD IT &amp; Services GmbH<br>Gesch\u00e4ftsf\u00fchrer: Dominik Ach<br>Registergericht: Amtsgericht Augsburg<br>Registernummer: HRA 19105<\/p>\n","protected":false},"excerpt":{"rendered":"<p>Impressum: Infodatacom GmbH &amp; Co. KGHeilig-Kreuz-Stra\u00dfe 1686609 Donauw\u00f6rth kontakt@infodatacom.de Registergericht: Amtsgericht AugsburgRegisternummer: HRA 19105 Pers\u00f6nlich haftende Gesellschafterin der infodatacom GmbH &amp; Co. KG:MRD IT &amp; Services GmbHGesch\u00e4ftsf\u00fchrer: Dominik AchRegistergericht: Amtsgericht AugsburgRegisternummer: HRA 19105<\/p>\n","protected":false},"author":1,"featured_media":0,"parent":0,"menu_order":0,"comment_status":"closed","ping_status":"closed","template":"","meta":{"footnotes":""},"class_list":["post-256","page","type-page","status-publish","hentry"],"_links":{"self":[{"href":"https:\/\/infodatacom.de\/index.php?rest_route=\/wp\/v2\/pages\/256","targetHints":{"allow":["GET"]}}],"collection":[{"href":"https:\/\/infodatacom.de\/index.php?rest_route=\/wp\/v2\/pages"}],"about":[{"href":"https:\/\/infodatacom.de\/index.php?rest_route=\/wp\/v2\/types\/page"}],"author":[{"embeddable":true,"href":"https:\/\/infodatacom.de\/index.php?rest_route=\/wp\/v2\/users\/1"}],"replies":[{"embeddable":true,"href":"https:\/\/infodatacom.de\/index.php?rest_route=%2Fwp%2Fv2%2Fcomments&post=256"}],"version-history":[{"count":2,"href":"https:\/\/infodatacom.de\/index.php?rest_route=\/wp\/v2\/pages\/256\/revisions"}],"predecessor-version":[{"id":283,"href":"https:\/\/infodatacom.de\/index.php?rest_route=\/wp\/v2\/pages\/256\/revisions\/283"}],"wp:attachment":[{"href":"https:\/\/infodatacom.de\/index.php?rest_route=%2Fwp%2Fv2%2Fmedia&parent=256"}],"curies":[{"name":"wp","href":"https:\/\/api.w.org\/{rel}","templated":true}]}}